{"id":376,"date":"2026-01-20T09:55:10","date_gmt":"2026-01-20T09:55:10","guid":{"rendered":"https:\/\/acercanzaconsulting.com\/?page_id=376"},"modified":"2026-02-05T18:16:41","modified_gmt":"2026-02-05T18:16:41","slug":"politica-de-privacidad","status":"publish","type":"page","link":"https:\/\/acercanzaconsulting.com\/en\/politica-de-privacidad\/","title":{"rendered":"Privacy Policy"},"content":{"rendered":"<p>[et_pb_section fb_built=\u00bb1&#8243; _builder_version=\u00bb4.27.5&#8243; _module_preset=\u00bbdefault\u00bb background_color=\u00bbgcid-b52636ea-5a8e-4646-a9de-1c1f8287d8b8&#8243; background_image=\u00bbhttps:\/\/acercanzaconsulting.com\/wp-content\/uploads\/2026\/01\/FIGURA1-scaled.png\u00bb background_size=\u00bbcustom\u00bb background_image_width=\u00bb33%\u00bb background_position=\u00bbcenter_right\u00bb custom_padding=\u00bb||2px|||\u00bb global_colors_info=\u00bb{%22gcid-b52636ea-5a8e-4646-a9de-1c1f8287d8b8%22:%91%22background_color%22%93}\u00bb][et_pb_row _builder_version=\u00bb4.27.5&#8243; _module_preset=\u00bbdefault\u00bb width_phone=\u00bb88%\u00bb width_last_edited=\u00bboff|desktop\u00bb max_width_tablet=\u00bb\u00bb max_width_phone=\u00bb\u00bb max_width_last_edited=\u00bbon|desktop\u00bb custom_padding=\u00bb6px|||||\u00bb global_colors_info=\u00bb{}\u00bb][et_pb_column type=\u00bb4_4&#8243; _builder_version=\u00bb4.27.5&#8243; _module_preset=\u00bbdefault\u00bb global_colors_info=\u00bb{}\u00bb][dsm_gradient_text gradient_text=\u00bbPol\u00edtica de Privacidad\u00bb _builder_version=\u00bb4.27.5&#8243; _module_preset=\u00bbdefault\u00bb header_font=\u00bb&#8211;et_global_heading_font|700||on|||||\u00bb header_text_align=\u00bbleft\u00bb header_font_size=\u00bb42px\u00bb background_color_gradient_direction=\u00bb91deg\u00bb background_color_gradient_stops=\u00bbgcid-1c1f6379-e70e-4295-b378-cf51082c0e13 5%|#000000 41%\u00bb custom_margin=\u00bb||0px|||\u00bb header_font_size_tablet=\u00bb36px\u00bb header_font_size_phone=\u00bb26px\u00bb header_font_size_last_edited=\u00bbon|phone\u00bb background_last_edited=\u00bbon|desktop\u00bb global_colors_info=\u00bb{%22gcid-1c1f6379-e70e-4295-b378-cf51082c0e13%22:%91%22background_color_gradient_stops%22%93}\u00bb][\/dsm_gradient_text][\/et_pb_column][\/et_pb_row][\/et_pb_section][et_pb_section fb_built=\u00bb1&#8243; _builder_version=\u00bb4.27.5&#8243; _module_preset=\u00bbdefault\u00bb background_enable_image=\u00bboff\u00bb background_size=\u00bbcustom\u00bb background_image_width=\u00bb34%\u00bb background_position=\u00bbbottom_right\u00bb background_horizontal_offset=\u00bb100%\u00bb background_vertical_offset=\u00bb-8%\u00bb custom_padding=\u00bb||91px|||\u00bb global_colors_info=\u00bb{}\u00bb][et_pb_row use_custom_gutter=\u00bbon\u00bb gutter_width=\u00bb1&#8243; _builder_version=\u00bb4.27.5&#8243; _module_preset=\u00bbdefault\u00bb width=\u00bb100%\u00bb width_tablet=\u00bb\u00bb width_phone=\u00bb88%\u00bb width_last_edited=\u00bbon|desktop\u00bb max_width=\u00bb85%\u00bb custom_padding=\u00bb6px|||||\u00bb global_colors_info=\u00bb{}\u00bb][et_pb_column type=\u00bb4_4&#8243; _builder_version=\u00bb4.27.5&#8243; _module_preset=\u00bbdefault\u00bb global_colors_info=\u00bb{}\u00bb][et_pb_text _builder_version=\u00bb4.27.5&#8243; _module_preset=\u00bbdefault\u00bb text_font=\u00bbInter||||||||\u00bb text_text_color=\u00bbgcid-0e3ce45b-a843-4d26-957d-aaae0a4f3683&#8243; text_font_size=\u00bb17px\u00bb header_3_font=\u00bb&#8211;et_global_heading_font|800|||||||\u00bb text_orientation=\u00bbjustified\u00bb custom_margin=\u00bb||35px|||\u00bb custom_margin_tablet=\u00bb||||false|false\u00bb custom_margin_phone=\u00bb-17px||8px||false|false\u00bb custom_margin_last_edited=\u00bboff|desktop\u00bb custom_padding_tablet=\u00bb|221px|||false|false\u00bb custom_padding_phone=\u00bb|0px|||false|false\u00bb custom_padding_last_edited=\u00bboff|desktop\u00bb hover_enabled=\u00bb0&#8243; text_font_size_tablet=\u00bb18px\u00bb text_font_size_phone=\u00bb16px\u00bb text_font_size_last_edited=\u00bbon|desktop\u00bb global_colors_info=\u00bb{%22gcid-0e3ce45b-a843-4d26-957d-aaae0a4f3683%22:%91%22text_text_color%22%93}\u00bb header_2_font=\u00bb&#8211;et_global_heading_font|700|||||||\u00bb sticky_enabled=\u00bb0&#8243; header_3_font_size=\u00bb21px\u00bb header_2_font_size=\u00bb24px\u00bb]<\/p>\n<h2><span style=\"font-weight: 400;\">INFORMACI\u00d3N AL USUARIO<\/span><\/h2>\n<p><span style=\"font-weight: 400;\"><\/span><\/p>\n<h2><span style=\"font-weight: 400;\">\u00bfQUI\u00c9N ES EL RESPONSABLE DEL TRATAMIENTO DE TUS DATOS PERSONALES?<\/span><\/h2>\n<p><span style=\"font-weight: 400;\"><\/span><\/p>\n<p><b>AcercanzaConsulting<\/b><span style=\"font-weight: 400;\">\u00a0es el RESPONSABLE del tratamiento de los datos personales del USUARIO y le informa de que estos datos ser\u00e1n tratados de conformidad con lo dispuesto en el Reglamento (UE) 2016\/679, de 27 de abril (GDPR), y la Ley Org\u00e1nica 3\/2018, de 5 de diciembre (LOPDGDD).<\/span><\/p>\n<h3><span style=\"font-weight: 400;\">\u00bfPARA QU\u00c9 TRATAMOS TUS DATOS PERSONALES?<\/span><\/h3>\n<p><span style=\"font-weight: 400;\"><\/span><\/p>\n<p><span style=\"font-weight: 400;\">Para mantener una relaci\u00f3n comercial con el usuario. Las operaciones previstas para realizar el tratamiento son:<\/span><\/p>\n<ul>\n<li style=\"font-weight: 400;\" aria-level=\"1\"><span style=\"font-weight: 400;\">Remisi\u00f3n de comunicaciones comerciales publicitarias por e-mail, fax, SMS, MMS, redes sociales o cualquier otro medio electr\u00f3nico o f\u00edsico, presente o futuro, que posibilite realizar comunicaciones comerciales. Estas comunicaciones ser\u00e1n realizadas por el RESPONSABLE y estar\u00e1n relacionadas con sus productos y servicios, o de sus colaboradores o proveedores, con los que este haya alcanzado alg\u00fan acuerdo de promoci\u00f3n. En este caso, los terceros nunca tendr\u00e1n acceso a los datos personales.<\/span><\/li>\n<li style=\"font-weight: 400;\" aria-level=\"1\"><span style=\"font-weight: 400;\">Realizar estudios de mercado y an\u00e1lisis estad\u00edsticos.<\/span><\/li>\n<li style=\"font-weight: 400;\" aria-level=\"1\"><span style=\"font-weight: 400;\">Tramitar encargos, solicitudes, dar respuesta a las consultas o cualquier tipo de petici\u00f3n que sea realizada por el USUARIO a trav\u00e9s de cualquiera de las formas de contacto que se ponen a su disposici\u00f3n en la p\u00e1gina web del RESPONSABLE.<\/span><\/li>\n<li style=\"font-weight: 400;\" aria-level=\"1\"><span style=\"font-weight: 400;\">Remitir el bolet\u00edn informativo online, sobre novedades, ofertas y promociones en nuestra actividad.<\/span><\/li>\n<\/ul>\n<p><span style=\"font-weight: 400;\"><\/span><\/p>\n<h3><span style=\"font-weight: 400;\">\u00bfPOR QU\u00c9 MOTIVO PODEMOS TRATAR TUS DATOS PERSONALES?<\/span><\/h3>\n<p><span style=\"font-weight: 400;\"><\/span><\/p>\n<p><span style=\"font-weight: 400;\">Porque el tratamiento e<\/span><span style=\"font-weight: 400;\">st\u00e1 legitimado por el art\u00edculo 6 del GDPR de la siguiente forma:<\/span><\/p>\n<ul>\n<li style=\"font-weight: 400;\" aria-level=\"1\"><span style=\"font-weight: 400;\">Con el consentimiento del USUARIO: remisi\u00f3n de comunicaciones comerciales y del bolet\u00edn informativo.<\/span><\/li>\n<li style=\"font-weight: 400;\" aria-level=\"1\"><span style=\"font-weight: 400;\">Por inter\u00e9s leg\u00edtimo del RESPONSABLE: realizar estudios de mercado, an\u00e1lisis estad\u00edsticos, etc. y tramitar encargos, solicitudes, etc. a petici\u00f3n del USUARIO.<\/span><\/li>\n<\/ul>\n<h3><span style=\"font-weight: 400;\">\u00bfDURANTE CU\u00c1NTO TIEMPO GUARDAREMOS TUS DATOS PERSONALES?<\/span><\/h3>\n<p><span style=\"font-weight: 400;\">Se conservar\u00e1n durante no m\u00e1s tiempo del necesario para mantener el fin del tratamiento o existan prescripciones legales que dictaminen su custodia y cuando ya no sea necesario para ello, se suprimir\u00e1n con medidas de seguridad adecuadas para garantizar la anonimizaci\u00f3n de los datos o la destrucci\u00f3n total de los mismos.<\/span><\/p>\n<h3><span style=\"font-weight: 400;\">\u00bfA QUI\u00c9N FACILITAMOS TUS DATOS PERSONALES?<\/span><\/h3>\n<p><span style=\"font-weight: 400;\"><\/span><\/p>\n<p><span style=\"font-weight: 400;\">No est\u00e1 prevista ninguna comunicaci\u00f3n de datos personales a terceros salvo, si fuese necesario para el desarrollo y ejecuci\u00f3n de las finalidades del tratamiento, a nuestros proveedores de servicios relacionados con comunicaciones, con los cuales el RESPONSABLE tiene suscritos los contratos de confidencialidad y de encargado de tratamiento exigidos por la normativa vigente de privacidad.<\/span><\/p>\n<p><span style=\"font-weight: 400;\"><\/span><\/p>\n<h3><span style=\"font-weight: 400;\">\u00bfCU\u00c1LES SON TUS DERECHOS?<\/span><\/h3>\n<p><span style=\"font-weight: 400;\"><\/span><\/p>\n<p><span style=\"font-weight: 400;\">Los derechos que asisten al USUARIO son:<\/span><\/p>\n<ul>\n<li style=\"font-weight: 400;\" aria-level=\"1\"><span style=\"font-weight: 400;\">Derecho a retirar el consentimiento en cualquier momento.<\/span><\/li>\n<li style=\"font-weight: 400;\" aria-level=\"1\"><span style=\"font-weight: 400;\">Derecho de acceso, rectificaci\u00f3n, portabilidad y supresi\u00f3n de sus datos, y de limitaci\u00f3n u oposici\u00f3n a su tratamiento.<\/span><\/li>\n<li style=\"font-weight: 400;\" aria-level=\"1\"><span style=\"font-weight: 400;\">Derecho a presentar una reclamaci\u00f3n ante la autoridad de control (<\/span><a href=\"https:\/\/www.aepd.es\/es\"><span style=\"font-weight: 400;\">www.aepd.es<\/span><\/a><span style=\"font-weight: 400;\">) si considera que el tratamiento no se ajusta a la normativa vigente.<\/span><\/li>\n<\/ul>\n<p><span style=\"font-weight: 400;\">Datos de contacto para ejercer sus derechos:<\/span><\/p>\n<p><b>AcercanzaConsulting\u00a0<\/b><span style=\"font-weight: 400;\">\u2013 acercanzaconsulting.com.<\/span><\/p>\n<p><b>E-mail:<\/b><span style=\"font-weight: 400;\">\u00a0<a href=\"mailto:josemanuel.fernandez@acercanzaconsulting.com\">josemanuel.fernandez@acercanzaconsulting.com<\/a><\/span><\/p>\n<p><span style=\"font-weight: 400;\"><\/span><\/p>\n<h3><span style=\"font-weight: 400;\">CAR\u00c1CTER OBLIGATORIO O FACULTATIVO DE LA INFORMACI\u00d3N <\/span><span style=\"font-weight: 400;\">FACILITADA POR EL USUARIO<\/span><\/h3>\n<p><span style=\"font-weight: 400;\"><\/span><\/p>\n<p><span style=\"font-weight: 400;\">Los USUARIOS, mediante la marcaci\u00f3n de las casillas correspondientes y la entrada de datos en los campos, marcados con un asterisco (*) en el formulario de contacto o presentados en formularios de descarga, aceptan expresamente y de forma libre e inequ\u00edvoca, que sus datos son necesarios para atender su petici\u00f3n, por parte del prestador, siendo voluntaria la inclusi\u00f3n de datos en los campos restantes. El USUARIO garantiza que los datos personales facilitados al RESPONSABLE son veraces y se hace responsable de comunicar cualquier modificaci\u00f3n de los mismos.<\/span><\/p>\n<p><span style=\"font-weight: 400;\">El RESPONSABLE informa de que todos los datos solicitados a trav\u00e9s del sitio web son obligatorios, ya que son necesarios para la prestaci\u00f3n de un servicio \u00f3ptimo al USUARIO. En caso de que no se faciliten todos los datos, no se garantiza que la informaci\u00f3n y servicios facilitados sean completamente ajustados a sus necesidades.<\/span><\/p>\n<p><span style=\"font-weight: 400;\"><\/span><\/p>\n<h3><span style=\"font-weight: 400;\">MEDIDAS DE SEGURIDAD<\/span><\/h3>\n<p><span style=\"font-weight: 400;\"><\/span><\/p>\n<p><span style=\"font-weight: 400;\">Que de conformidad con lo dispuesto en las normativas vigentes en protecci\u00f3n de datos personales, el RESPONSABLE est\u00e1 cumpliendo con todas las disposiciones de las normativas GDPR y LOPDGDD para el tratamiento de los datos personales de su responsabilidad, y manifiestamente con los principios descritos en el art\u00edculo 5 del GDPR, por los cuales son tratados de manera l\u00edcita, leal y transparente en relaci\u00f3n con el interesado y adecuados, pertinentes y limitados a lo necesario en relaci\u00f3n con los fines para los que son tratados.<\/span><\/p>\n<p><span style=\"font-weight: 400;\">El RESPONSABLE garantiza que ha implementado pol\u00edticas t\u00e9cnicas y organizativas apropiadas para aplicar las medidas de seguridad que establecen el GDPR y la LOPDGDD con el fin de proteger los derechos y libertades de los USUARIOS y les ha comunicado la informaci\u00f3n adecuada para que puedan ejercerlos.<\/span><\/p>\n<p><span style=\"font-weight: 400;\">Para m\u00e1s informaci\u00f3n sobre las garant\u00edas de privacidad, puedes dirigirte al RESPONSABLE a trav\u00e9s de\u00a0<\/span><b>AcercanzaConsulting\u00a0<\/b><span style=\"font-weight: 400;\">\u2013 acercanzaconsulting.com.\u00a0<\/span><b>E-mail:<\/b><span style=\"font-weight: 400;\">\u00a0 josemanuel.fernandez @acercanzaconsulting.com<\/span><\/p>\n<p>&nbsp;<\/p>\n<p>[\/et_pb_text][\/et_pb_column][\/et_pb_row][\/et_pb_section]<\/p>\n","protected":false},"excerpt":{"rendered":"<p><div class=\"et_pb_module dsm_gradient_text dsm_gradient_text_0 \">\n\t\t\t\t\n\t\t\t\t\n\t\t\t\t\n\t\t\t\t\n\t\t\t\t\n\t\t\t\t\n\t\t\t\t<div class=\"et_pb_module_inner\">\n\t\t\t\t\t<h1 class=\"dsm-gradient-text et_pb_module_header\">Pol\u00edtica de Privacidad<\/h1>\n\t\t\t\t<\/div>\n\t\t\t<\/div>INFORMACI\u00d3N AL USUARIO \u00bfQUI\u00c9N ES EL RESPONSABLE DEL TRATAMIENTO DE TUS DATOS PERSONALES? AcercanzaConsulting\u00a0es el RESPONSABLE del tratamiento de los datos personales del USUARIO y le informa de que estos datos ser\u00e1n tratados de conformidad con lo [&hellip;]<\/p>\n","protected":false},"author":1,"featured_media":0,"parent":0,"menu_order":0,"comment_status":"closed","ping_status":"closed","template":"","meta":{"_et_pb_use_builder":"on","_et_pb_old_content":"","_et_gb_content_width":"","footnotes":""},"class_list":["post-376","page","type-page","status-publish","hentry"],"yoast_head":"<!-- This site is optimized with the Yoast SEO plugin v27.1.1 - https:\/\/yoast.com\/product\/yoast-seo-wordpress\/ -->\n<title>Pol\u00edtica de Privacidad - Acercanza Consulting<\/title>\n<meta name=\"robots\" content=\"index, follow, max-snippet:-1, max-image-preview:large, max-video-preview:-1\" \/>\n<link rel=\"canonical\" href=\"https:\/\/acercanzaconsulting.com\/en\/politica-de-privacidad\/\" \/>\n<meta property=\"og:locale\" content=\"en_US\" \/>\n<meta property=\"og:type\" content=\"article\" \/>\n<meta property=\"og:title\" content=\"Pol\u00edtica de Privacidad - Acercanza Consulting\" \/>\n<meta property=\"og:description\" content=\"INFORMACI\u00d3N AL USUARIO \u00bfQUI\u00c9N ES EL RESPONSABLE DEL TRATAMIENTO DE TUS DATOS PERSONALES? AcercanzaConsulting\u00a0es el RESPONSABLE del tratamiento de los datos personales del USUARIO y le informa de que estos datos ser\u00e1n tratados de conformidad con lo [&hellip;]\" \/>\n<meta property=\"og:url\" content=\"https:\/\/acercanzaconsulting.com\/en\/politica-de-privacidad\/\" \/>\n<meta property=\"og:site_name\" content=\"Acercanza Consulting\" \/>\n<meta property=\"article:modified_time\" content=\"2026-02-05T18:16:41+00:00\" \/>\n<meta name=\"twitter:card\" content=\"summary_large_image\" \/>\n<script type=\"application\/ld+json\" class=\"yoast-schema-graph\">{\"@context\":\"https:\/\/schema.org\",\"@graph\":[{\"@type\":\"WebPage\",\"@id\":\"https:\/\/acercanzaconsulting.com\/politica-de-privacidad\/\",\"url\":\"https:\/\/acercanzaconsulting.com\/politica-de-privacidad\/\",\"name\":\"Pol\u00edtica de Privacidad - Acercanza Consulting\",\"isPartOf\":{\"@id\":\"https:\/\/acercanzaconsulting.com\/#website\"},\"datePublished\":\"2026-01-20T09:55:10+00:00\",\"dateModified\":\"2026-02-05T18:16:41+00:00\",\"breadcrumb\":{\"@id\":\"https:\/\/acercanzaconsulting.com\/politica-de-privacidad\/#breadcrumb\"},\"inLanguage\":\"en-US\",\"potentialAction\":[{\"@type\":\"ReadAction\",\"target\":[\"https:\/\/acercanzaconsulting.com\/politica-de-privacidad\/\"]}]},{\"@type\":\"BreadcrumbList\",\"@id\":\"https:\/\/acercanzaconsulting.com\/politica-de-privacidad\/#breadcrumb\",\"itemListElement\":[{\"@type\":\"ListItem\",\"position\":1,\"name\":\"Portada\",\"item\":\"https:\/\/acercanzaconsulting.com\/\"},{\"@type\":\"ListItem\",\"position\":2,\"name\":\"Pol\u00edtica de Privacidad\"}]},{\"@type\":\"WebSite\",\"@id\":\"https:\/\/acercanzaconsulting.com\/#website\",\"url\":\"https:\/\/acercanzaconsulting.com\/\",\"name\":\"Acercanza Consulting\",\"description\":\"Cercan\u00eda, Conexi\u00f3n y Confianza\",\"potentialAction\":[{\"@type\":\"SearchAction\",\"target\":{\"@type\":\"EntryPoint\",\"urlTemplate\":\"https:\/\/acercanzaconsulting.com\/?s={search_term_string}\"},\"query-input\":{\"@type\":\"PropertyValueSpecification\",\"valueRequired\":true,\"valueName\":\"search_term_string\"}}],\"inLanguage\":\"en-US\"}]}<\/script>\n<!-- \/ Yoast SEO plugin. -->","yoast_head_json":{"title":"Pol\u00edtica de Privacidad - Acercanza Consulting","robots":{"index":"index","follow":"follow","max-snippet":"max-snippet:-1","max-image-preview":"max-image-preview:large","max-video-preview":"max-video-preview:-1"},"canonical":"https:\/\/acercanzaconsulting.com\/en\/politica-de-privacidad\/","og_locale":"en_US","og_type":"article","og_title":"Pol\u00edtica de Privacidad - Acercanza Consulting","og_description":"INFORMACI\u00d3N AL USUARIO \u00bfQUI\u00c9N ES EL RESPONSABLE DEL TRATAMIENTO DE TUS DATOS PERSONALES? AcercanzaConsulting\u00a0es el RESPONSABLE del tratamiento de los datos personales del USUARIO y le informa de que estos datos ser\u00e1n tratados de conformidad con lo [&hellip;]","og_url":"https:\/\/acercanzaconsulting.com\/en\/politica-de-privacidad\/","og_site_name":"Acercanza Consulting","article_modified_time":"2026-02-05T18:16:41+00:00","twitter_card":"summary_large_image","schema":{"@context":"https:\/\/schema.org","@graph":[{"@type":"WebPage","@id":"https:\/\/acercanzaconsulting.com\/politica-de-privacidad\/","url":"https:\/\/acercanzaconsulting.com\/politica-de-privacidad\/","name":"Pol\u00edtica de Privacidad - Acercanza Consulting","isPartOf":{"@id":"https:\/\/acercanzaconsulting.com\/#website"},"datePublished":"2026-01-20T09:55:10+00:00","dateModified":"2026-02-05T18:16:41+00:00","breadcrumb":{"@id":"https:\/\/acercanzaconsulting.com\/politica-de-privacidad\/#breadcrumb"},"inLanguage":"en-US","potentialAction":[{"@type":"ReadAction","target":["https:\/\/acercanzaconsulting.com\/politica-de-privacidad\/"]}]},{"@type":"BreadcrumbList","@id":"https:\/\/acercanzaconsulting.com\/politica-de-privacidad\/#breadcrumb","itemListElement":[{"@type":"ListItem","position":1,"name":"Portada","item":"https:\/\/acercanzaconsulting.com\/"},{"@type":"ListItem","position":2,"name":"Pol\u00edtica de Privacidad"}]},{"@type":"WebSite","@id":"https:\/\/acercanzaconsulting.com\/#website","url":"https:\/\/acercanzaconsulting.com\/","name":"Acercanza Consulting","description":"Proximity, Connection and Trust","potentialAction":[{"@type":"SearchAction","target":{"@type":"EntryPoint","urlTemplate":"https:\/\/acercanzaconsulting.com\/?s={search_term_string}"},"query-input":{"@type":"PropertyValueSpecification","valueRequired":true,"valueName":"search_term_string"}}],"inLanguage":"en-US"}]}},"_links":{"self":[{"href":"https:\/\/acercanzaconsulting.com\/en\/wp-json\/wp\/v2\/pages\/376","targetHints":{"allow":["GET"]}}],"collection":[{"href":"https:\/\/acercanzaconsulting.com\/en\/wp-json\/wp\/v2\/pages"}],"about":[{"href":"https:\/\/acercanzaconsulting.com\/en\/wp-json\/wp\/v2\/types\/page"}],"author":[{"embeddable":true,"href":"https:\/\/acercanzaconsulting.com\/en\/wp-json\/wp\/v2\/users\/1"}],"replies":[{"embeddable":true,"href":"https:\/\/acercanzaconsulting.com\/en\/wp-json\/wp\/v2\/comments?post=376"}],"version-history":[{"count":5,"href":"https:\/\/acercanzaconsulting.com\/en\/wp-json\/wp\/v2\/pages\/376\/revisions"}],"predecessor-version":[{"id":778,"href":"https:\/\/acercanzaconsulting.com\/en\/wp-json\/wp\/v2\/pages\/376\/revisions\/778"}],"wp:attachment":[{"href":"https:\/\/acercanzaconsulting.com\/en\/wp-json\/wp\/v2\/media?parent=376"}],"curies":[{"name":"wp","href":"https:\/\/api.w.org\/{rel}","templated":true}]}}