{"id":384,"date":"2026-01-20T10:09:52","date_gmt":"2026-01-20T10:09:52","guid":{"rendered":"https:\/\/acercanzaconsulting.com\/?page_id=384"},"modified":"2026-02-05T19:19:11","modified_gmt":"2026-02-05T19:19:11","slug":"politica-de-cookies","status":"publish","type":"page","link":"https:\/\/acercanzaconsulting.com\/en\/politica-de-cookies\/","title":{"rendered":"Cookie Policy"},"content":{"rendered":"<p>[et_pb_section fb_built=\u00bb1&#8243; _builder_version=\u00bb4.27.5&#8243; _module_preset=\u00bbdefault\u00bb background_color=\u00bbgcid-b52636ea-5a8e-4646-a9de-1c1f8287d8b8&#8243; background_image=\u00bbhttps:\/\/acercanzaconsulting.com\/wp-content\/uploads\/2026\/01\/FIGURA1-scaled.png\u00bb background_size=\u00bbcustom\u00bb background_image_width=\u00bb33%\u00bb background_position=\u00bbcenter_right\u00bb custom_padding=\u00bb||2px|||\u00bb global_colors_info=\u00bb{%22gcid-b52636ea-5a8e-4646-a9de-1c1f8287d8b8%22:%91%22background_color%22%93}\u00bb][et_pb_row _builder_version=\u00bb4.27.5&#8243; _module_preset=\u00bbdefault\u00bb width_phone=\u00bb88%\u00bb width_last_edited=\u00bboff|desktop\u00bb max_width_tablet=\u00bb\u00bb max_width_phone=\u00bb\u00bb max_width_last_edited=\u00bbon|desktop\u00bb custom_padding=\u00bb6px|||||\u00bb global_colors_info=\u00bb{}\u00bb][et_pb_column type=\u00bb4_4&#8243; _builder_version=\u00bb4.27.5&#8243; _module_preset=\u00bbdefault\u00bb global_colors_info=\u00bb{}\u00bb][dsm_gradient_text gradient_text=\u00bbPol\u00edtica de cookies\u00bb _builder_version=\u00bb4.27.5&#8243; _module_preset=\u00bbdefault\u00bb header_font=\u00bb&#8211;et_global_heading_font|700||on|||||\u00bb header_text_align=\u00bbleft\u00bb header_font_size=\u00bb42px\u00bb background_color_gradient_direction=\u00bb91deg\u00bb background_color_gradient_stops=\u00bbgcid-1c1f6379-e70e-4295-b378-cf51082c0e13 5%|#000000 41%\u00bb custom_margin=\u00bb||0px|||\u00bb header_font_size_tablet=\u00bb36px\u00bb header_font_size_phone=\u00bb26px\u00bb header_font_size_last_edited=\u00bbon|phone\u00bb background_last_edited=\u00bbon|desktop\u00bb global_colors_info=\u00bb{%22gcid-1c1f6379-e70e-4295-b378-cf51082c0e13%22:%91%22background_color_gradient_stops%22%93}\u00bb][\/dsm_gradient_text][\/et_pb_column][\/et_pb_row][\/et_pb_section][et_pb_section fb_built=\u00bb1&#8243; _builder_version=\u00bb4.27.5&#8243; _module_preset=\u00bbdefault\u00bb background_enable_image=\u00bboff\u00bb background_size=\u00bbcustom\u00bb background_image_width=\u00bb34%\u00bb background_position=\u00bbbottom_right\u00bb background_horizontal_offset=\u00bb100%\u00bb background_vertical_offset=\u00bb-8%\u00bb custom_padding=\u00bb||91px|||\u00bb global_colors_info=\u00bb{}\u00bb][et_pb_row use_custom_gutter=\u00bbon\u00bb gutter_width=\u00bb1&#8243; _builder_version=\u00bb4.27.5&#8243; _module_preset=\u00bbdefault\u00bb width=\u00bb100%\u00bb width_tablet=\u00bb\u00bb width_phone=\u00bb88%\u00bb width_last_edited=\u00bbon|desktop\u00bb max_width=\u00bb85%\u00bb custom_padding=\u00bb6px|||||\u00bb global_colors_info=\u00bb{}\u00bb][et_pb_column type=\u00bb4_4&#8243; _builder_version=\u00bb4.27.5&#8243; _module_preset=\u00bbdefault\u00bb global_colors_info=\u00bb{}\u00bb][et_pb_text _builder_version=\u00bb4.27.5&#8243; _module_preset=\u00bbdefault\u00bb text_font=\u00bbInter||||||||\u00bb text_text_color=\u00bbgcid-0e3ce45b-a843-4d26-957d-aaae0a4f3683&#8243; text_font_size=\u00bb17px\u00bb text_orientation=\u00bbjustified\u00bb custom_margin=\u00bb||35px|||\u00bb text_font_size_tablet=\u00bb18px\u00bb text_font_size_phone=\u00bb16px\u00bb text_font_size_last_edited=\u00bbon|desktop\u00bb global_colors_info=\u00bb{%22gcid-0e3ce45b-a843-4d26-957d-aaae0a4f3683%22:%91%22text_text_color%22%93}\u00bb header_3_font=\u00bb&#8211;et_global_heading_font|800|||||||\u00bb header_2_font=\u00bb&#8211;et_global_heading_font|700|||||||\u00bb header_3_font_size=\u00bb21px\u00bb header_2_font_size=\u00bb24px\u00bb]<\/p>\n<p><span style=\"font-weight: 400;\">Esta pol\u00edtica de cookies fue actualizada por \u00faltima vez el 6 de agosto de 2025 y se aplica a los ciudadanos y residentes legales permanentes del Espacio Econ\u00f3mico Europeo y Suiza.<\/span><\/p>\n<h2><\/h2>\n<h2><span style=\"font-weight: 400;\">1. Introducci\u00f3n<\/span><\/h2>\n<p><span style=\"font-weight: 400;\">Nuestra web, https:\/\/Acercanzaconsulting.com (en adelante: \u00abla web\u00bb) utiliza cookies y otras tecnolog\u00edas relacionadas (para mayor comodidad, todas las tecnolog\u00edas se denominan \u00abcookies\u00bb). Las cookies tambi\u00e9n son colocadas por terceros a los que hemos contratado. En el siguiente documento te informamos sobre el uso de cookies en nuestra web.<\/span><\/p>\n<h2><\/h2>\n<h2><span style=\"font-weight: 400;\">2. \u00bfQu\u00e9 son las cookies?<\/span><\/h2>\n<p><span style=\"font-weight: 400;\">Una cookie es un peque\u00f1o archivo que se env\u00eda junto con las p\u00e1ginas de esta web y que tu navegador almacena en el disco duro de su ordenador u otro dispositivo. La informaci\u00f3n almacenada puede ser devuelta a nuestros servidores o a los servidores de terceros apropiados durante una visita posterior.<\/span><\/p>\n<h2><\/h2>\n<h2><span style=\"font-weight: 400;\">3. \u00bfQu\u00e9 son los scripts?<\/span><\/h2>\n<p><span style=\"font-weight: 400;\">Un script es un fragmento de c\u00f3digo de programa que se utiliza para hacer que nuestra web funcione correctamente y de forma interactiva. Este c\u00f3digo se ejecuta en nuestro servidor o en tu dispositivo.<\/span><\/p>\n<h2><\/h2>\n<h2><span style=\"font-weight: 400;\">4. \u00bfQu\u00e9 es una baliza web?<\/span><\/h2>\n<p><span style=\"font-weight: 400;\">Una baliza web (o una etiqueta de p\u00edxel) es una peque\u00f1a e invisible pieza de texto o imagen en una web que se utiliza para monitorear el tr\u00e1fico en una web. Para ello, se almacenan varios datos sobre usted mediante estas balizas web.<\/span><\/p>\n<h2><\/h2>\n<h2><span style=\"font-weight: 400;\">5. Cookies<\/span><\/h2>\n<h3><span style=\"font-weight: 400;\">5.1 Cookies t\u00e9cnicas o funcionales<\/span><\/h3>\n<h2><\/h2>\n<p><span style=\"font-weight: 400;\">Algunas cookies aseguran que ciertas partes de la web funcionen correctamente y que tus preferencias de usuario sigan record\u00e1ndose. Al colocar cookies funcionales, te facilitamos la visita a nuestra web. De esta manera, no necesitas introducir repetidamente la misma informaci\u00f3n cuando visitas nuestra web y, por ejemplo, los art\u00edculos permanecen en tu cesta de la compra hasta que hayas pagado. Podemos colocar estas cookies sin tu consentimiento.<\/span><\/p>\n<h2><\/h2>\n<h3><span style=\"font-weight: 400;\">5.2 Cookies de estad\u00edsticas<\/span><\/h3>\n<h2><\/h2>\n<p><span style=\"font-weight: 400;\">Utilizamos cookies estad\u00edsticas para optimizar la experiencia de la web para nuestros usuarios. Con estas cookies estad\u00edsticas obtenemos informaci\u00f3n sobre el uso de nuestra web. Te pedimos tu permiso para colocar cookies de estad\u00edsticas.<\/span><\/p>\n<h2><\/h2>\n<h3><span style=\"font-weight: 400;\">5.3 Cookies de marketing\/seguimiento<\/span><\/h3>\n<h2><\/h2>\n<p><span style=\"font-weight: 400;\">Las cookies de marketing\/seguimiento son cookies, o cualquier otra forma de almacenamiento local, usadas para crear perfiles de usuario para mostrar publicidad o para hacer el seguimiento del usuario en esta web o en varias webs con fines de marketing similares.<\/span><\/p>\n<h2><\/h2>\n<h3><span style=\"font-weight: 400;\">6. Cookies usadas<\/span><\/h3>\n<h3><span style=\"font-weight: 400;\">WordPress<\/span><\/h3>\n<p><span style=\"font-weight: 400;\"><img decoding=\"async\" src=\"https:\/\/acercanzaconsulting.com\/wp-content\/uploads\/2026\/02\/Politica-de-Cookies-wordpress.jpg\" width=\"50%\" height=\"50%\" alt=\"\" class=\"wp-image-712 alignnone size-medium\" srcset=\"https:\/\/acercanzaconsulting.com\/wp-content\/uploads\/2026\/02\/Politica-de-Cookies-wordpress.jpg 1294w, https:\/\/acercanzaconsulting.com\/wp-content\/uploads\/2026\/02\/Politica-de-Cookies-wordpress-1280x831.jpg 1280w, https:\/\/acercanzaconsulting.com\/wp-content\/uploads\/2026\/02\/Politica-de-Cookies-wordpress-980x636.jpg 980w, https:\/\/acercanzaconsulting.com\/wp-content\/uploads\/2026\/02\/Politica-de-Cookies-wordpress-480x312.jpg 480w\" sizes=\"(min-width: 0px) and (max-width: 480px) 480px, (min-width: 481px) and (max-width: 980px) 980px, (min-width: 981px) and (max-width: 1280px) 1280px, (min-width: 1281px) 1294px, 100vw\" \/><\/span><\/p>\n<h2><\/h2>\n<h3><span style=\"font-weight: 400;\">Google Fonts<\/span><\/h3>\n<h2><img loading=\"lazy\" decoding=\"async\" src=\"https:\/\/acercanzaconsulting.com\/wp-content\/uploads\/2026\/02\/Politica-de-Cookies-Google-Fonts.jpg\" width=\"595\" height=\"230\" alt=\"\" class=\"wp-image-713 alignnone size-full\" \/><\/h2>\n<p><span style=\"font-weight: 400;\">Google reCAPTCHA<\/span><\/p>\n<h2><img loading=\"lazy\" decoding=\"async\" src=\"https:\/\/acercanzaconsulting.com\/wp-content\/uploads\/2026\/02\/Politica-de-Cookies-Google-reCAPTCHA.jpg\" width=\"755\" height=\"405\" alt=\"\" class=\"wp-image-715 alignnone size-full\" \/><\/h2>\n<p><span style=\"font-weight: 400;\">Varios<\/span><\/p>\n<h2><img loading=\"lazy\" decoding=\"async\" src=\"https:\/\/acercanzaconsulting.com\/wp-content\/uploads\/2026\/02\/Politica-de-Cookies-varios.jpg\" width=\"746\" height=\"534\" alt=\"\" class=\"wp-image-718 alignnone size-full\" \/><\/h2>\n<h2><span style=\"font-weight: 400;\"><\/span><\/h2>\n<h2><span style=\"font-weight: 400;\"><\/span><\/h2>\n<h2><span style=\"font-weight: 400;\">7. Consentimiento<\/span><\/h2>\n<p><span style=\"font-weight: 400;\">Cuando visites nuestra web por primera vez, te mostraremos una ventana emergente con una explicaci\u00f3n sobre las cookies. Tan pronto como hagas clic en \u00abGuardar preferencias\u00bb, aceptas que usemos las categor\u00edas de cookies y plugins que has seleccionado en la ventana emergente, tal y como se describe en esta pol\u00edtica de cookies. Puedes desactivar el uso de cookies a trav\u00e9s de tu navegador, pero, por favor, ten en cuenta que nuestra web puede dejar de funcionar correctamente.<\/span><\/p>\n<h2><\/h2>\n<h3><span style=\"font-weight: 400;\">7.1 Gestiona tus ajustes de consentimiento<\/span><\/h3>\n<h2><\/h2>\n<p><span style=\"font-weight: 400;\">[object Object]<\/span><\/p>\n<h2><span style=\"font-weight: 400;\">8. Activaci\u00f3n\/desactivaci\u00f3n y borrado de cookies<\/span><\/h2>\n<p><span style=\"font-weight: 400;\">Puedes utilizar tu navegador de Internet para eliminar las cookies de forma autom\u00e1tica o manual. Tambi\u00e9n puedes especificar que ciertas cookies no pueden ser colocadas. Otra opci\u00f3n es cambiar los ajustes de tu navegador de Internet para que recibas un mensaje cada vez que se coloca una cookie. Para obtener m\u00e1s informaci\u00f3n sobre estas opciones, consulta las instrucciones de la secci\u00f3n \u00abAyuda\u00bb de tu navegador.<\/span><\/p>\n<h2><\/h2>\n<p><span style=\"font-weight: 400;\">Ten en cuenta que nuestra web puede no funcionar correctamente si todas las cookies est\u00e1n desactivadas. Si borras las cookies de tu navegador, se volver\u00e1n a colocar despu\u00e9s de tu consentimiento cuando vuelvas a visitar nuestras webs.<\/span><\/p>\n<h2><\/h2>\n<h2><span style=\"font-weight: 400;\">9. Tus derechos con respecto a los datos personales<\/span><\/h2>\n<p><span style=\"font-weight: 400;\">Tienes los siguientes derechos con respecto a tus datos personales:<\/span><\/p>\n<h2><\/h2>\n<p><span style=\"font-weight: 400;\">Tiene derecho a saber por qu\u00e9 se necesitan tus datos personales, qu\u00e9 suceder\u00e1 con ellos y durante cu\u00e1nto tiempo se conservar\u00e1n.<\/span><\/p>\n<p><span style=\"font-weight: 400;\">Derecho de acceso: tienes derecho a acceder a tus datos personales que conocemos.<\/span><\/p>\n<p><span style=\"font-weight: 400;\">Derecho de rectificaci\u00f3n: tienes derecho a completar, rectificar, borrar o bloquear tus datos personales cuando lo desees.<\/span><\/p>\n<p><span style=\"font-weight: 400;\">Si nos das tu consentimiento para procesar tus datos, tienes derecho a revocar dicho consentimiento y a que se eliminen tus datos personales.<\/span><\/p>\n<p><span style=\"font-weight: 400;\">Derecho de cesi\u00f3n de tus datos: tienes derecho a solicitar todos tus datos personales al responsable del tratamiento y a transferirlos \u00edntegramente a otro responsable del tratamiento.<\/span><\/p>\n<p><span style=\"font-weight: 400;\">Derecho de oposici\u00f3n: puedes oponerte al tratamiento de tus datos. Nosotros cumplimos con esto, a menos que existan motivos justificados para el procesamiento.<\/span><\/p>\n<p><span style=\"font-weight: 400;\">Para ejercer estos derechos, por favor, contacta con nosotros. Por favor, consulta los detalles de contacto en la parte inferior de esta pol\u00edtica de cookies. Si tienes alguna queja sobre c\u00f3mo gestionamos tus datos, nos gustar\u00eda que nos la hicieras saber, pero tambi\u00e9n tienes derecho a enviar una queja a la autoridad supervisora (la autoridad de protecci\u00f3n de datos).<\/span><\/p>\n<h2><\/h2>\n<h2><span style=\"font-weight: 400;\">10. Datos de contacto<\/span><\/h2>\n<p><span style=\"font-weight: 400;\">Para preguntas y\/o comentarios sobre nuestra pol\u00edtica de cookies y esta declaraci\u00f3n, por favor, contacta con nosotros usando los siguientes datos de contacto:<\/span><\/p>\n<h2><\/h2>\n<p><span style=\"font-weight: 400;\">Jos\u00e9 Manuel Fern\u00e1ndez<\/span><\/p>\n<p><span style=\"font-weight: 400;\">Calle Via Dos Castillas, 33 1 Pta. 4 &#8211; 28224 Pozuelo de Alarc\u00f3n. Madrid. Espa\u00f1a<\/span><\/p>\n<p><span style=\"font-weight: 400;\">Web: https:\/\/acercanzaconsulting.com<\/span><\/p>\n<p><span style=\"font-weight: 400;\">Correo electr\u00f3nico: josemanuel.fernandez@acercanzaconsulting.com<\/span><\/p>\n<p><span style=\"font-weight: 400;\">N\u00famero de tel\u00e9fono: +34 629 88 39 64<\/span><\/p>\n<h2><\/h2>\n<p><span style=\"font-weight: 400;\">Esta pol\u00edtica de cookies se ha sincronizado con cookiedatabase.org el 9 de octubre de 2025.<\/span><\/p>\n<p>[\/et_pb_text][\/et_pb_column][\/et_pb_row][\/et_pb_section]<\/p>\n","protected":false},"excerpt":{"rendered":"<p><div class=\"et_pb_module dsm_gradient_text dsm_gradient_text_0 \">\n\t\t\t\t\n\t\t\t\t\n\t\t\t\t\n\t\t\t\t\n\t\t\t\t\n\t\t\t\t\n\t\t\t\t<div class=\"et_pb_module_inner\">\n\t\t\t\t\t<h1 class=\"dsm-gradient-text et_pb_module_header\">Pol\u00edtica de cookies<\/h1>\n\t\t\t\t<\/div>\n\t\t\t<\/div>Esta pol\u00edtica de cookies fue actualizada por \u00faltima vez el 6 de agosto de 2025 y se aplica a los ciudadanos y residentes legales permanentes del Espacio Econ\u00f3mico Europeo y Suiza. 1. Introducci\u00f3n Nuestra web, https:\/\/Acercanzaconsulting.com (en [&hellip;]<\/p>\n","protected":false},"author":1,"featured_media":0,"parent":0,"menu_order":0,"comment_status":"closed","ping_status":"closed","template":"","meta":{"_et_pb_use_builder":"on","_et_pb_old_content":"","_et_gb_content_width":"","footnotes":""},"class_list":["post-384","page","type-page","status-publish","hentry"],"yoast_head":"<!-- This site is optimized with the Yoast SEO plugin v27.1.1 - https:\/\/yoast.com\/product\/yoast-seo-wordpress\/ -->\n<title>Pol\u00edtica de Cookies - Acercanza Consulting<\/title>\n<meta name=\"robots\" content=\"index, follow, max-snippet:-1, max-image-preview:large, max-video-preview:-1\" \/>\n<link rel=\"canonical\" href=\"https:\/\/acercanzaconsulting.com\/en\/politica-de-cookies\/\" \/>\n<meta property=\"og:locale\" content=\"en_US\" \/>\n<meta property=\"og:type\" content=\"article\" \/>\n<meta property=\"og:title\" content=\"Pol\u00edtica de Cookies - Acercanza Consulting\" \/>\n<meta property=\"og:description\" content=\"Esta pol\u00edtica de cookies fue actualizada por \u00faltima vez el 6 de agosto de 2025 y se aplica a los ciudadanos y residentes legales permanentes del Espacio Econ\u00f3mico Europeo y Suiza. 1. Introducci\u00f3n Nuestra web, https:\/\/Acercanzaconsulting.com (en [&hellip;]\" \/>\n<meta property=\"og:url\" content=\"https:\/\/acercanzaconsulting.com\/en\/politica-de-cookies\/\" \/>\n<meta property=\"og:site_name\" content=\"Acercanza Consulting\" \/>\n<meta property=\"article:modified_time\" content=\"2026-02-05T19:19:11+00:00\" \/>\n<meta property=\"og:image\" content=\"https:\/\/acercanzaconsulting.com\/wp-content\/uploads\/2026\/02\/Politica-de-Cookies-wordpress.jpg\" \/>\n\t<meta property=\"og:image:width\" content=\"1294\" \/>\n\t<meta property=\"og:image:height\" content=\"840\" \/>\n\t<meta property=\"og:image:type\" content=\"image\/jpeg\" \/>\n<meta name=\"twitter:card\" content=\"summary_large_image\" \/>\n<script type=\"application\/ld+json\" class=\"yoast-schema-graph\">{\"@context\":\"https:\/\/schema.org\",\"@graph\":[{\"@type\":\"WebPage\",\"@id\":\"https:\/\/acercanzaconsulting.com\/politica-de-cookies\/\",\"url\":\"https:\/\/acercanzaconsulting.com\/politica-de-cookies\/\",\"name\":\"Pol\u00edtica de Cookies - Acercanza Consulting\",\"isPartOf\":{\"@id\":\"https:\/\/acercanzaconsulting.com\/#website\"},\"primaryImageOfPage\":{\"@id\":\"https:\/\/acercanzaconsulting.com\/politica-de-cookies\/#primaryimage\"},\"image\":{\"@id\":\"https:\/\/acercanzaconsulting.com\/politica-de-cookies\/#primaryimage\"},\"thumbnailUrl\":\"https:\/\/acercanzaconsulting.com\/wp-content\/uploads\/2026\/02\/Politica-de-Cookies-wordpress.jpg\",\"datePublished\":\"2026-01-20T10:09:52+00:00\",\"dateModified\":\"2026-02-05T19:19:11+00:00\",\"breadcrumb\":{\"@id\":\"https:\/\/acercanzaconsulting.com\/politica-de-cookies\/#breadcrumb\"},\"inLanguage\":\"en-US\",\"potentialAction\":[{\"@type\":\"ReadAction\",\"target\":[\"https:\/\/acercanzaconsulting.com\/politica-de-cookies\/\"]}]},{\"@type\":\"ImageObject\",\"inLanguage\":\"en-US\",\"@id\":\"https:\/\/acercanzaconsulting.com\/politica-de-cookies\/#primaryimage\",\"url\":\"https:\/\/acercanzaconsulting.com\/wp-content\/uploads\/2026\/02\/Politica-de-Cookies-wordpress.jpg\",\"contentUrl\":\"https:\/\/acercanzaconsulting.com\/wp-content\/uploads\/2026\/02\/Politica-de-Cookies-wordpress.jpg\"},{\"@type\":\"BreadcrumbList\",\"@id\":\"https:\/\/acercanzaconsulting.com\/politica-de-cookies\/#breadcrumb\",\"itemListElement\":[{\"@type\":\"ListItem\",\"position\":1,\"name\":\"Portada\",\"item\":\"https:\/\/acercanzaconsulting.com\/\"},{\"@type\":\"ListItem\",\"position\":2,\"name\":\"Pol\u00edtica de Cookies\"}]},{\"@type\":\"WebSite\",\"@id\":\"https:\/\/acercanzaconsulting.com\/#website\",\"url\":\"https:\/\/acercanzaconsulting.com\/\",\"name\":\"Acercanza Consulting\",\"description\":\"Cercan\u00eda, Conexi\u00f3n y Confianza\",\"potentialAction\":[{\"@type\":\"SearchAction\",\"target\":{\"@type\":\"EntryPoint\",\"urlTemplate\":\"https:\/\/acercanzaconsulting.com\/?s={search_term_string}\"},\"query-input\":{\"@type\":\"PropertyValueSpecification\",\"valueRequired\":true,\"valueName\":\"search_term_string\"}}],\"inLanguage\":\"en-US\"}]}<\/script>\n<!-- \/ Yoast SEO plugin. -->","yoast_head_json":{"title":"Pol\u00edtica de Cookies - Acercanza Consulting","robots":{"index":"index","follow":"follow","max-snippet":"max-snippet:-1","max-image-preview":"max-image-preview:large","max-video-preview":"max-video-preview:-1"},"canonical":"https:\/\/acercanzaconsulting.com\/en\/politica-de-cookies\/","og_locale":"en_US","og_type":"article","og_title":"Pol\u00edtica de Cookies - Acercanza Consulting","og_description":"Esta pol\u00edtica de cookies fue actualizada por \u00faltima vez el 6 de agosto de 2025 y se aplica a los ciudadanos y residentes legales permanentes del Espacio Econ\u00f3mico Europeo y Suiza. 1. Introducci\u00f3n Nuestra web, https:\/\/Acercanzaconsulting.com (en [&hellip;]","og_url":"https:\/\/acercanzaconsulting.com\/en\/politica-de-cookies\/","og_site_name":"Acercanza Consulting","article_modified_time":"2026-02-05T19:19:11+00:00","og_image":[{"width":1294,"height":840,"url":"https:\/\/acercanzaconsulting.com\/wp-content\/uploads\/2026\/02\/Politica-de-Cookies-wordpress.jpg","type":"image\/jpeg"}],"twitter_card":"summary_large_image","schema":{"@context":"https:\/\/schema.org","@graph":[{"@type":"WebPage","@id":"https:\/\/acercanzaconsulting.com\/politica-de-cookies\/","url":"https:\/\/acercanzaconsulting.com\/politica-de-cookies\/","name":"Pol\u00edtica de Cookies - Acercanza Consulting","isPartOf":{"@id":"https:\/\/acercanzaconsulting.com\/#website"},"primaryImageOfPage":{"@id":"https:\/\/acercanzaconsulting.com\/politica-de-cookies\/#primaryimage"},"image":{"@id":"https:\/\/acercanzaconsulting.com\/politica-de-cookies\/#primaryimage"},"thumbnailUrl":"https:\/\/acercanzaconsulting.com\/wp-content\/uploads\/2026\/02\/Politica-de-Cookies-wordpress.jpg","datePublished":"2026-01-20T10:09:52+00:00","dateModified":"2026-02-05T19:19:11+00:00","breadcrumb":{"@id":"https:\/\/acercanzaconsulting.com\/politica-de-cookies\/#breadcrumb"},"inLanguage":"en-US","potentialAction":[{"@type":"ReadAction","target":["https:\/\/acercanzaconsulting.com\/politica-de-cookies\/"]}]},{"@type":"ImageObject","inLanguage":"en-US","@id":"https:\/\/acercanzaconsulting.com\/politica-de-cookies\/#primaryimage","url":"https:\/\/acercanzaconsulting.com\/wp-content\/uploads\/2026\/02\/Politica-de-Cookies-wordpress.jpg","contentUrl":"https:\/\/acercanzaconsulting.com\/wp-content\/uploads\/2026\/02\/Politica-de-Cookies-wordpress.jpg"},{"@type":"BreadcrumbList","@id":"https:\/\/acercanzaconsulting.com\/politica-de-cookies\/#breadcrumb","itemListElement":[{"@type":"ListItem","position":1,"name":"Portada","item":"https:\/\/acercanzaconsulting.com\/"},{"@type":"ListItem","position":2,"name":"Pol\u00edtica de Cookies"}]},{"@type":"WebSite","@id":"https:\/\/acercanzaconsulting.com\/#website","url":"https:\/\/acercanzaconsulting.com\/","name":"Acercanza Consulting","description":"Proximity, Connection and Trust","potentialAction":[{"@type":"SearchAction","target":{"@type":"EntryPoint","urlTemplate":"https:\/\/acercanzaconsulting.com\/?s={search_term_string}"},"query-input":{"@type":"PropertyValueSpecification","valueRequired":true,"valueName":"search_term_string"}}],"inLanguage":"en-US"}]}},"_links":{"self":[{"href":"https:\/\/acercanzaconsulting.com\/en\/wp-json\/wp\/v2\/pages\/384","targetHints":{"allow":["GET"]}}],"collection":[{"href":"https:\/\/acercanzaconsulting.com\/en\/wp-json\/wp\/v2\/pages"}],"about":[{"href":"https:\/\/acercanzaconsulting.com\/en\/wp-json\/wp\/v2\/types\/page"}],"author":[{"embeddable":true,"href":"https:\/\/acercanzaconsulting.com\/en\/wp-json\/wp\/v2\/users\/1"}],"replies":[{"embeddable":true,"href":"https:\/\/acercanzaconsulting.com\/en\/wp-json\/wp\/v2\/comments?post=384"}],"version-history":[{"count":9,"href":"https:\/\/acercanzaconsulting.com\/en\/wp-json\/wp\/v2\/pages\/384\/revisions"}],"predecessor-version":[{"id":780,"href":"https:\/\/acercanzaconsulting.com\/en\/wp-json\/wp\/v2\/pages\/384\/revisions\/780"}],"wp:attachment":[{"href":"https:\/\/acercanzaconsulting.com\/en\/wp-json\/wp\/v2\/media?parent=384"}],"curies":[{"name":"wp","href":"https:\/\/api.w.org\/{rel}","templated":true}]}}