{"id":720,"date":"2026-02-05T11:16:53","date_gmt":"2026-02-05T11:16:53","guid":{"rendered":"https:\/\/acercanzaconsulting.com\/?page_id=720"},"modified":"2026-02-05T19:32:42","modified_gmt":"2026-02-05T19:32:42","slug":"declaracion-de-accesibilidad","status":"publish","type":"page","link":"https:\/\/acercanzaconsulting.com\/en\/declaracion-de-accesibilidad\/","title":{"rendered":"Accesibility Statement"},"content":{"rendered":"<p>[et_pb_section fb_built=\u00bb1&#8243; _builder_version=\u00bb4.27.5&#8243; _module_preset=\u00bbdefault\u00bb background_color=\u00bbgcid-b52636ea-5a8e-4646-a9de-1c1f8287d8b8&#8243; background_image=\u00bbhttps:\/\/acercanzaconsulting.com\/wp-content\/uploads\/2026\/01\/FIGURA1-scaled.png\u00bb background_size=\u00bbcustom\u00bb background_image_width=\u00bb33%\u00bb background_position=\u00bbcenter_right\u00bb custom_padding=\u00bb||2px|||\u00bb global_colors_info=\u00bb{%22gcid-b52636ea-5a8e-4646-a9de-1c1f8287d8b8%22:%91%22background_color%22%93}\u00bb][et_pb_row _builder_version=\u00bb4.27.5&#8243; _module_preset=\u00bbdefault\u00bb width_phone=\u00bb88%\u00bb width_last_edited=\u00bboff|desktop\u00bb max_width_tablet=\u00bb\u00bb max_width_phone=\u00bb\u00bb max_width_last_edited=\u00bbon|desktop\u00bb custom_padding=\u00bb6px|||||\u00bb global_colors_info=\u00bb{}\u00bb][et_pb_column type=\u00bb4_4&#8243; _builder_version=\u00bb4.27.5&#8243; _module_preset=\u00bbdefault\u00bb global_colors_info=\u00bb{}\u00bb][dsm_gradient_text gradient_text=\u00bbDeclaraci\u00f3n de accesibilidad\u00bb _builder_version=\u00bb4.27.5&#8243; _module_preset=\u00bbdefault\u00bb header_font=\u00bb&#8211;et_global_heading_font|700||on|||||\u00bb header_text_align=\u00bbleft\u00bb header_font_size=\u00bb42px\u00bb background_color_gradient_direction=\u00bb91deg\u00bb background_color_gradient_stops=\u00bbgcid-1c1f6379-e70e-4295-b378-cf51082c0e13 5%|#000000 41%\u00bb custom_margin=\u00bb||0px|||\u00bb header_font_size_tablet=\u00bb36px\u00bb header_font_size_phone=\u00bb26px\u00bb header_font_size_last_edited=\u00bbon|phone\u00bb background_last_edited=\u00bbon|desktop\u00bb global_colors_info=\u00bb{%22gcid-1c1f6379-e70e-4295-b378-cf51082c0e13%22:%91%22background_color_gradient_stops%22%93}\u00bb][\/dsm_gradient_text][\/et_pb_column][\/et_pb_row][\/et_pb_section][et_pb_section fb_built=\u00bb1&#8243; _builder_version=\u00bb4.27.5&#8243; _module_preset=\u00bbdefault\u00bb background_enable_image=\u00bboff\u00bb background_size=\u00bbcustom\u00bb background_image_width=\u00bb34%\u00bb background_position=\u00bbbottom_right\u00bb background_horizontal_offset=\u00bb100%\u00bb background_vertical_offset=\u00bb-8%\u00bb custom_padding=\u00bb||91px|||\u00bb global_colors_info=\u00bb{}\u00bb][et_pb_row use_custom_gutter=\u00bbon\u00bb gutter_width=\u00bb1&#8243; _builder_version=\u00bb4.27.5&#8243; _module_preset=\u00bbdefault\u00bb width=\u00bb100%\u00bb width_tablet=\u00bb\u00bb width_phone=\u00bb88%\u00bb width_last_edited=\u00bbon|desktop\u00bb max_width=\u00bb85%\u00bb custom_padding=\u00bb6px|||||\u00bb global_colors_info=\u00bb{}\u00bb][et_pb_column type=\u00bb4_4&#8243; _builder_version=\u00bb4.27.5&#8243; _module_preset=\u00bbdefault\u00bb global_colors_info=\u00bb{}\u00bb][et_pb_text _builder_version=\u00bb4.27.5&#8243; _module_preset=\u00bbdefault\u00bb text_font=\u00bbInter||||||||\u00bb text_text_color=\u00bbgcid-0e3ce45b-a843-4d26-957d-aaae0a4f3683&#8243; text_font_size=\u00bb17px\u00bb text_orientation=\u00bbjustified\u00bb custom_margin=\u00bb||35px|||\u00bb text_font_size_tablet=\u00bb18px\u00bb text_font_size_phone=\u00bb16px\u00bb text_font_size_last_edited=\u00bbon|desktop\u00bb global_colors_info=\u00bb{%22gcid-0e3ce45b-a843-4d26-957d-aaae0a4f3683%22:%91%22text_text_color%22%93}\u00bb header_3_font=\u00bb&#8211;et_global_heading_font|800|||||||\u00bb header_2_font=\u00bb&#8211;et_global_heading_font|700|||||||\u00bb header_3_font_size=\u00bb21px\u00bb header_2_font_size=\u00bb24px\u00bb]<\/p>\n<p><span style=\"font-weight: 400;\">AcercanzaConsulting se ha comprometido a hacer accesible su sitio web de conformidad con el Real Decreto 1112\/2018, de 7 de septiembre, sobre accesibilidad de los sitios web y aplicaciones para dispositivos m\u00f3viles del sector p\u00fablico. La presente declaraci\u00f3n de accesibilidad se aplica al sitio web Acercanzaconsulting.com<\/span><\/p>\n<p><span style=\"font-weight: 400;\"><\/span><\/p>\n<p><span style=\"font-weight: 400;\">Situaci\u00f3n de cumplimiento<\/span><\/p>\n<p><span style=\"font-weight: 400;\"><\/span><\/p>\n<p><span style=\"font-weight: 400;\">Este sitio web es plenamente conforme con el RD 1112\/2018.<\/span><\/p>\n<p><span style=\"font-weight: 400;\">Preparaci\u00f3n de la presente declaraci\u00f3n de accesibilidad<\/span><\/p>\n<p><span style=\"font-weight: 400;\">La presente declaraci\u00f3n fue preparada el 6\/8\/2025.<\/span><\/p>\n<p><span style=\"font-weight: 400;\">El m\u00e9todo empleado para preparar la declaraci\u00f3n ha sido una autoevaluaci\u00f3n llevada a cabo por la propia empresa.<\/span><\/p>\n<p><span style=\"font-weight: 400;\">\u00daltima revisi\u00f3n de la declaraci\u00f3n: 6\/8\/2025.<\/span><\/p>\n<p><span style=\"font-weight: 400;\">Observaciones y datos de contacto<\/span><\/p>\n<p><span style=\"font-weight: 400;\">Puede realizar comunicaciones sobre requisitos de accesibilidad (art\u00edculo 10.2.a) del RD 1112\/2018) como por ejemplo:<\/span><\/p>\n<ul>\n<li style=\"font-weight: 400;\" aria-level=\"1\"><span style=\"font-weight: 400;\">Informar sobre cualquier posible incumplimiento por parte de este sitio web<\/span><\/li>\n<li style=\"font-weight: 400;\" aria-level=\"1\"><span style=\"font-weight: 400;\">Transmitir otras dificultades de acceso al contenido<\/span><\/li>\n<li style=\"font-weight: 400;\" aria-level=\"1\"><span style=\"font-weight: 400;\">Formular cualquier otra consulta o sugerencia de mejora relativa a la accesibilidad del sitio web<\/span><\/li>\n<\/ul>\n<p><span style=\"font-weight: 400;\">A trav\u00e9s de los siguientes medios:<\/span><\/p>\n<ul>\n<li style=\"font-weight: 400;\" aria-level=\"1\"><span style=\"font-weight: 400;\">Llamando al tel\u00e9fono: +34 669 79 33 39<\/span><\/li>\n<li style=\"font-weight: 400;\" aria-level=\"1\"><span style=\"font-weight: 400;\">Enviando un email a: sandra.tejedor@acercanzaconsulting.com<\/span><\/li>\n<\/ul>\n<p>&nbsp;<\/p>\n<p><span style=\"font-weight: 400;\">Puede presentar:<\/span><\/p>\n<p><span style=\"font-weight: 400;\">Una Queja relativa al cumplimiento de los requisitos del RD 1112\/2018 o<\/span><\/p>\n<p><span style=\"font-weight: 400;\">Una Solicitud de Informaci\u00f3n accesible relativa a:<\/span><\/p>\n<p><span style=\"font-weight: 400;\">Contenidos que est\u00e1n excluidos del \u00e1mbito de aplicaci\u00f3n del RD 1112\/2018 seg\u00fan lo establecido por el art\u00edculo 3, apartado 4<\/span><\/p>\n<p><span style=\"font-weight: 400;\">Contenidos que est\u00e1n exentos del cumplimiento de los requisitos de accesibilidad por imponer una carga desproporcionada.<\/span><\/p>\n<p><span style=\"font-weight: 400;\">En la Solicitud de informaci\u00f3n accesible, se debe concretar, con toda claridad, los hechos, razones y petici\u00f3n que permitan constatar que se trata de una solicitud razonable y leg\u00edtima.<\/span><\/p>\n<p>&nbsp;<\/p>\n<p><span style=\"font-weight: 400;\">Contenido opcional<\/span><\/p>\n<p><span style=\"font-weight: 400;\">La \u00faltima revisi\u00f3n de la accesibilidad se ha realizado el 6\/8\/2025.<\/span><\/p>\n<p>&nbsp;<\/p>\n<p>[\/et_pb_text][\/et_pb_column][\/et_pb_row][\/et_pb_section]<\/p>\n","protected":false},"excerpt":{"rendered":"<p><div class=\"et_pb_module dsm_gradient_text dsm_gradient_text_0 \">\n\t\t\t\t\n\t\t\t\t\n\t\t\t\t\n\t\t\t\t\n\t\t\t\t\n\t\t\t\t\n\t\t\t\t<div class=\"et_pb_module_inner\">\n\t\t\t\t\t<h1 class=\"dsm-gradient-text et_pb_module_header\">Declaraci\u00f3n de accesibilidad<\/h1>\n\t\t\t\t<\/div>\n\t\t\t<\/div>AcercanzaConsulting se ha comprometido a hacer accesible su sitio web de conformidad con el Real Decreto 1112\/2018, de 7 de septiembre, sobre accesibilidad de los sitios web y aplicaciones para dispositivos m\u00f3viles del sector p\u00fablico. La presente [&hellip;]<\/p>\n","protected":false},"author":1,"featured_media":0,"parent":0,"menu_order":0,"comment_status":"closed","ping_status":"closed","template":"","meta":{"_et_pb_use_builder":"on","_et_pb_old_content":"","_et_gb_content_width":"","footnotes":""},"class_list":["post-720","page","type-page","status-publish","hentry"],"yoast_head":"<!-- This site is optimized with the Yoast SEO plugin v27.1.1 - https:\/\/yoast.com\/product\/yoast-seo-wordpress\/ -->\n<title>Declaraci\u00f3n de accesibilidad - Acercanza Consulting<\/title>\n<meta name=\"robots\" content=\"index, follow, max-snippet:-1, max-image-preview:large, max-video-preview:-1\" \/>\n<link rel=\"canonical\" href=\"https:\/\/acercanzaconsulting.com\/en\/declaracion-de-accesibilidad\/\" \/>\n<meta property=\"og:locale\" content=\"en_US\" \/>\n<meta property=\"og:type\" content=\"article\" \/>\n<meta property=\"og:title\" content=\"Declaraci\u00f3n de accesibilidad - Acercanza Consulting\" \/>\n<meta property=\"og:description\" content=\"AcercanzaConsulting se ha comprometido a hacer accesible su sitio web de conformidad con el Real Decreto 1112\/2018, de 7 de septiembre, sobre accesibilidad de los sitios web y aplicaciones para dispositivos m\u00f3viles del sector p\u00fablico. La presente [&hellip;]\" \/>\n<meta property=\"og:url\" content=\"https:\/\/acercanzaconsulting.com\/en\/declaracion-de-accesibilidad\/\" \/>\n<meta property=\"og:site_name\" content=\"Acercanza Consulting\" \/>\n<meta property=\"article:modified_time\" content=\"2026-02-05T19:32:42+00:00\" \/>\n<meta name=\"twitter:card\" content=\"summary_large_image\" \/>\n<script type=\"application\/ld+json\" class=\"yoast-schema-graph\">{\"@context\":\"https:\/\/schema.org\",\"@graph\":[{\"@type\":\"WebPage\",\"@id\":\"https:\/\/acercanzaconsulting.com\/declaracion-de-accesibilidad\/\",\"url\":\"https:\/\/acercanzaconsulting.com\/declaracion-de-accesibilidad\/\",\"name\":\"Declaraci\u00f3n de accesibilidad - Acercanza Consulting\",\"isPartOf\":{\"@id\":\"https:\/\/acercanzaconsulting.com\/#website\"},\"datePublished\":\"2026-02-05T11:16:53+00:00\",\"dateModified\":\"2026-02-05T19:32:42+00:00\",\"breadcrumb\":{\"@id\":\"https:\/\/acercanzaconsulting.com\/declaracion-de-accesibilidad\/#breadcrumb\"},\"inLanguage\":\"en-US\",\"potentialAction\":[{\"@type\":\"ReadAction\",\"target\":[\"https:\/\/acercanzaconsulting.com\/declaracion-de-accesibilidad\/\"]}]},{\"@type\":\"BreadcrumbList\",\"@id\":\"https:\/\/acercanzaconsulting.com\/declaracion-de-accesibilidad\/#breadcrumb\",\"itemListElement\":[{\"@type\":\"ListItem\",\"position\":1,\"name\":\"Portada\",\"item\":\"https:\/\/acercanzaconsulting.com\/\"},{\"@type\":\"ListItem\",\"position\":2,\"name\":\"Declaraci\u00f3n de accesibilidad\"}]},{\"@type\":\"WebSite\",\"@id\":\"https:\/\/acercanzaconsulting.com\/#website\",\"url\":\"https:\/\/acercanzaconsulting.com\/\",\"name\":\"Acercanza Consulting\",\"description\":\"Cercan\u00eda, Conexi\u00f3n y Confianza\",\"potentialAction\":[{\"@type\":\"SearchAction\",\"target\":{\"@type\":\"EntryPoint\",\"urlTemplate\":\"https:\/\/acercanzaconsulting.com\/?s={search_term_string}\"},\"query-input\":{\"@type\":\"PropertyValueSpecification\",\"valueRequired\":true,\"valueName\":\"search_term_string\"}}],\"inLanguage\":\"en-US\"}]}<\/script>\n<!-- \/ Yoast SEO plugin. -->","yoast_head_json":{"title":"Declaraci\u00f3n de accesibilidad - Acercanza Consulting","robots":{"index":"index","follow":"follow","max-snippet":"max-snippet:-1","max-image-preview":"max-image-preview:large","max-video-preview":"max-video-preview:-1"},"canonical":"https:\/\/acercanzaconsulting.com\/en\/declaracion-de-accesibilidad\/","og_locale":"en_US","og_type":"article","og_title":"Declaraci\u00f3n de accesibilidad - Acercanza Consulting","og_description":"AcercanzaConsulting se ha comprometido a hacer accesible su sitio web de conformidad con el Real Decreto 1112\/2018, de 7 de septiembre, sobre accesibilidad de los sitios web y aplicaciones para dispositivos m\u00f3viles del sector p\u00fablico. La presente [&hellip;]","og_url":"https:\/\/acercanzaconsulting.com\/en\/declaracion-de-accesibilidad\/","og_site_name":"Acercanza Consulting","article_modified_time":"2026-02-05T19:32:42+00:00","twitter_card":"summary_large_image","schema":{"@context":"https:\/\/schema.org","@graph":[{"@type":"WebPage","@id":"https:\/\/acercanzaconsulting.com\/declaracion-de-accesibilidad\/","url":"https:\/\/acercanzaconsulting.com\/declaracion-de-accesibilidad\/","name":"Declaraci\u00f3n de accesibilidad - Acercanza Consulting","isPartOf":{"@id":"https:\/\/acercanzaconsulting.com\/#website"},"datePublished":"2026-02-05T11:16:53+00:00","dateModified":"2026-02-05T19:32:42+00:00","breadcrumb":{"@id":"https:\/\/acercanzaconsulting.com\/declaracion-de-accesibilidad\/#breadcrumb"},"inLanguage":"en-US","potentialAction":[{"@type":"ReadAction","target":["https:\/\/acercanzaconsulting.com\/declaracion-de-accesibilidad\/"]}]},{"@type":"BreadcrumbList","@id":"https:\/\/acercanzaconsulting.com\/declaracion-de-accesibilidad\/#breadcrumb","itemListElement":[{"@type":"ListItem","position":1,"name":"Portada","item":"https:\/\/acercanzaconsulting.com\/"},{"@type":"ListItem","position":2,"name":"Declaraci\u00f3n de accesibilidad"}]},{"@type":"WebSite","@id":"https:\/\/acercanzaconsulting.com\/#website","url":"https:\/\/acercanzaconsulting.com\/","name":"Acercanza Consulting","description":"Proximity, Connection and Trust","potentialAction":[{"@type":"SearchAction","target":{"@type":"EntryPoint","urlTemplate":"https:\/\/acercanzaconsulting.com\/?s={search_term_string}"},"query-input":{"@type":"PropertyValueSpecification","valueRequired":true,"valueName":"search_term_string"}}],"inLanguage":"en-US"}]}},"_links":{"self":[{"href":"https:\/\/acercanzaconsulting.com\/en\/wp-json\/wp\/v2\/pages\/720","targetHints":{"allow":["GET"]}}],"collection":[{"href":"https:\/\/acercanzaconsulting.com\/en\/wp-json\/wp\/v2\/pages"}],"about":[{"href":"https:\/\/acercanzaconsulting.com\/en\/wp-json\/wp\/v2\/types\/page"}],"author":[{"embeddable":true,"href":"https:\/\/acercanzaconsulting.com\/en\/wp-json\/wp\/v2\/users\/1"}],"replies":[{"embeddable":true,"href":"https:\/\/acercanzaconsulting.com\/en\/wp-json\/wp\/v2\/comments?post=720"}],"version-history":[{"count":5,"href":"https:\/\/acercanzaconsulting.com\/en\/wp-json\/wp\/v2\/pages\/720\/revisions"}],"predecessor-version":[{"id":782,"href":"https:\/\/acercanzaconsulting.com\/en\/wp-json\/wp\/v2\/pages\/720\/revisions\/782"}],"wp:attachment":[{"href":"https:\/\/acercanzaconsulting.com\/en\/wp-json\/wp\/v2\/media?parent=720"}],"curies":[{"name":"wp","href":"https:\/\/api.w.org\/{rel}","templated":true}]}}